{"id":56,"date":"2022-02-25T11:33:36","date_gmt":"2022-02-25T11:33:36","guid":{"rendered":"https:\/\/kgv-am-equipagenweg.de\/press\/?page_id=56"},"modified":"2025-07-04T16:06:19","modified_gmt":"2025-07-04T16:06:19","slug":"start","status":"publish","type":"page","link":"https:\/\/kgv-am-equipagenweg.de\/press\/","title":{"rendered":"Start"},"content":{"rendered":"\n<h2 class=\"wp-block-heading\">Aktuelles<\/h2>\n\n\n<ul class=\"wp-block-latest-posts__list wp-block-latest-posts\"><li><a class=\"wp-block-latest-posts__post-title\" href=\"https:\/\/kgv-am-equipagenweg.de\/press\/verplombte-wasseruhren-bitte-melden\/\">Verplombte Wasseruhren bitte melden<\/a><\/li>\n<li><a class=\"wp-block-latest-posts__post-title\" href=\"https:\/\/kgv-am-equipagenweg.de\/press\/erste-vorstandssprechstunde-2026\/\">Rechnungen, Pachtzinserh\u00f6hung, Ehrenamtspauschale, erste Vorstandssprechstunde 2026<\/a><\/li>\n<\/ul>\n\n\n<h2 class=\"wp-block-heading\">Unser Verein<\/h2>\n\n\n\n<figure class=\"wp-block-image size-full\"><img loading=\"lazy\" decoding=\"async\" width=\"1024\" height=\"150\" src=\"https:\/\/kgv-am-equipagenweg.de\/wp-content\/uploads\/2022\/02\/head.png\" alt=\"Altes Logo des KGV\" class=\"wp-image-46\" srcset=\"https:\/\/kgv-am-equipagenweg.de\/wp-content\/uploads\/2022\/02\/head.png 1024w, https:\/\/kgv-am-equipagenweg.de\/wp-content\/uploads\/2022\/02\/head-300x44.png 300w, https:\/\/kgv-am-equipagenweg.de\/wp-content\/uploads\/2022\/02\/head-768x113.png 768w\" sizes=\"auto, (max-width: 1024px) 100vw, 1024px\" \/><figcaption class=\"wp-element-caption\">Altes Logo des KGV<\/figcaption><\/figure>\n\n\n\n<p>Der Kleingartenverein (KGV) Am Equipagenweg e.V ist ein Verein, der sich um die F\u00f6rderung des Kleingartenwesens bem\u00fcht. Das Vereinsgel\u00e4nde liegt in der n\u00e4he des Wolfssees (Lauer) und des Cospudener Sees entlang des Equipagenwegs zwischen der Bahnstrecke \u201eWaldbahn\u201c bis fast zur Kirschallee.<\/p>\n\n\n\n<p>Im fr\u00fchen 20. Jh befanden sich an dieser Stelle noch Lehmgruben, die nach dem Zweiten Weltkrieg mit M\u00fcll und Schutt bef\u00fcllt wurden. Die ersten G\u00e4rtner beseitigten den Unrat und begannen, den Boden zu bestellen. Bald darauf wurden die ersten Lauben errichtet und die Anlage gewann an Struktur. Darauf hin gr\u00fcndete sich 1959 der Verband der Kleing\u00e4rtner, Siedler und Kleintierz\u00fcchter (VKSK) \u201eMIBRA\u201c, der 1969 in den VKSK \u201eAn der S-Bahn\u201c umbenannt wurde, in dem sich die G\u00e4rten entlang der Bahnstrecke, entlang des Ziegeleiweges und entlang des ersten Teils des Equipagenweges zusammenschlossen.<\/p>\n\n\n\n<p><\/p>\n\n\n\n<p>Anfang der 80er Jahre wurden die Gartenfl\u00e4chen entlang des Equipagenwegs, die bis dahin nicht in den VKSK organisiert waren, von der Stadt Markkleeberg zu Bauland erkl\u00e4rt. Jedoch konnte durch die rasche Gr\u00fcndung des VKSK \u201eAm Equipagenweg\u201c die kleing\u00e4rtnerische Nutzung dieser Fl\u00e4chen gesichert werden.<\/p>\n\n\n\n<p><\/p>\n\n\n\n<p>Bei der Organisation als KGV im Jahr 1993 schlossen sich die benachbarten VKSK zum KGV Am\u00a0Equipagenweg zusammen.<\/p>\n\n\n\n<p><\/p>\n\n\n\n<p>Heute umfasst die Anlage 92 G\u00e4rten. Um sicherzustellen, dass der Ertrag von Obst und Gem\u00fcse in der Anlage reich ausf\u00e4llt, sind zwei Imker ans\u00e4ssig.<\/p>\n","protected":false},"excerpt":{"rendered":"<p>Aktuelles Unser Verein Der Kleingartenverein (KGV) Am Equipagenweg e.V ist ein Verein, der sich um die F\u00f6rderung des Kleingartenwesens bem\u00fcht. Das Vereinsgel\u00e4nde liegt in der n\u00e4he des Wolfssees (Lauer) und des Cospudener Sees entlang des Equipagenwegs zwischen der Bahnstrecke \u201eWaldbahn\u201c bis fast zur Kirschallee. Im fr\u00fchen 20. Jh befanden sich an dieser Stelle noch Lehmgruben,&hellip; <br \/> <a class=\"read-more\" href=\"https:\/\/kgv-am-equipagenweg.de\/press\/\">Weiterlesen<\/a><\/p>\n","protected":false},"author":3,"featured_media":0,"parent":0,"menu_order":1,"comment_status":"closed","ping_status":"closed","template":"page-templates\/homepage.php","meta":{"footnotes":""},"class_list":["post-56","page","type-page","status-publish","hentry"],"_links":{"self":[{"href":"https:\/\/kgv-am-equipagenweg.de\/press\/wp-json\/wp\/v2\/pages\/56","targetHints":{"allow":["GET"]}}],"collection":[{"href":"https:\/\/kgv-am-equipagenweg.de\/press\/wp-json\/wp\/v2\/pages"}],"about":[{"href":"https:\/\/kgv-am-equipagenweg.de\/press\/wp-json\/wp\/v2\/types\/page"}],"author":[{"embeddable":true,"href":"https:\/\/kgv-am-equipagenweg.de\/press\/wp-json\/wp\/v2\/users\/3"}],"replies":[{"embeddable":true,"href":"https:\/\/kgv-am-equipagenweg.de\/press\/wp-json\/wp\/v2\/comments?post=56"}],"version-history":[{"count":9,"href":"https:\/\/kgv-am-equipagenweg.de\/press\/wp-json\/wp\/v2\/pages\/56\/revisions"}],"predecessor-version":[{"id":344,"href":"https:\/\/kgv-am-equipagenweg.de\/press\/wp-json\/wp\/v2\/pages\/56\/revisions\/344"}],"wp:attachment":[{"href":"https:\/\/kgv-am-equipagenweg.de\/press\/wp-json\/wp\/v2\/media?parent=56"}],"curies":[{"name":"wp","href":"https:\/\/api.w.org\/{rel}","templated":true}]}}